{"id":15505,"date":"2022-12-15T11:24:16","date_gmt":"2022-12-15T10:24:16","guid":{"rendered":"https:\/\/www.algotech.vision\/about-us\/"},"modified":"2026-01-15T16:11:31","modified_gmt":"2026-01-15T15:11:31","slug":"about-us","status":"publish","type":"page","link":"https:\/\/visionsoft.tech\/en\/about-us\/","title":{"rendered":"About us"},"content":{"rendered":"\t\t<div data-elementor-type=\"wp-page\" data-elementor-id=\"15505\" class=\"elementor elementor-15505 elementor-10872\" data-elementor-post-type=\"page\">\n\t\t\t\t\t\t<section class=\"elementor-section elementor-top-section elementor-element elementor-element-3c8d4f5 elementor-section-boxed elementor-section-height-default elementor-section-height-default qodef-elementor-content-no\" data-id=\"3c8d4f5\" data-element_type=\"section\" data-e-type=\"section\" data-settings=\"{&quot;background_background&quot;:&quot;classic&quot;}\">\n\t\t\t\t\t\t<div class=\"elementor-container elementor-column-gap-default\">\n\t\t\t\t\t<div class=\"elementor-column elementor-col-50 elementor-top-column elementor-element elementor-element-fc580e8\" data-id=\"fc580e8\" data-element_type=\"column\" data-e-type=\"column\">\n\t\t\t<div class=\"elementor-widget-wrap elementor-element-populated\">\n\t\t\t\t\t\t<div class=\"elementor-element elementor-element-3421e12 elementor-widget__width-initial elementor-widget elementor-widget-text-editor\" data-id=\"3421e12\" data-element_type=\"widget\" data-e-type=\"widget\" data-widget_type=\"text-editor.default\">\n\t\t\t\t<div class=\"elementor-widget-container\">\n\t\t\t\t\t\t\t\t\t<h1>Embracing the no-code revolution since 2017<\/h1>\n\t\t\t\t\t\t\t\t<\/div>\n\t\t\t\t<\/div>\n\t\t\t\t<div class=\"elementor-element elementor-element-0044d04 elementor-widget__width-initial elementor-widget elementor-widget-text-editor\" data-id=\"0044d04\" data-element_type=\"widget\" data-e-type=\"widget\" data-widget_type=\"text-editor.default\">\n\t\t\t\t<div class=\"elementor-widget-container\">\n\t\t\t\t\t\t\t\t\t<p>No-code completely redefines the way companies use IT and unleashes their potential.<\/p>\n<p>The &#8216;citizen developers&#8217; (or &#8216;citizendevs&#8217;), our users, create complete applications, quickly and without limits, and digitalize their business in a hyper-agile approach.<\/p><p>Join the no-code revolution with VISION!<\/p>\t\t\t\t\t\t\t\t<\/div>\n\t\t\t\t<\/div>\n\t\t\t\t\t<\/div>\n\t\t<\/div>\n\t\t\t\t<div class=\"elementor-column elementor-col-50 elementor-top-column elementor-element elementor-element-e77dddc\" data-id=\"e77dddc\" data-element_type=\"column\" data-e-type=\"column\" data-settings=\"{&quot;background_background&quot;:&quot;classic&quot;}\">\n\t\t\t<div class=\"elementor-widget-wrap elementor-element-populated\">\n\t\t\t\t\t\t<div class=\"elementor-element elementor-element-1982535 elementor-widget elementor-widget-otaru_core_single_image\" data-id=\"1982535\" data-element_type=\"widget\" data-e-type=\"widget\" data-widget_type=\"otaru_core_single_image.default\">\n\t\t\t\t<div class=\"elementor-widget-container\">\n\t\t\t\t\t<div class=\"qodef-shortcode qodef-m  qodef-single-image qodef-layout--default  \">\n\t\t\t<div class=\"qodef-m-image\">\n\t\t\t\t\t\t\t\t<img fetchpriority=\"high\" decoding=\"async\" width=\"800\" height=\"482\" src=\"https:\/\/visionsoft.tech\/wp-content\/uploads\/2023\/01\/Outils-nocode-pour-les-metiers-jpg.webp\" class=\"attachment-full size-full\" alt=\"cette femme souris car elle utilise une application no-code qui lui facilite la vie au bureau\" srcset=\"https:\/\/visionsoft.tech\/wp-content\/uploads\/2023\/01\/Outils-nocode-pour-les-metiers-jpg.webp 800w, https:\/\/visionsoft.tech\/wp-content\/uploads\/2023\/01\/Outils-nocode-pour-les-metiers-300x181.webp 300w, https:\/\/visionsoft.tech\/wp-content\/uploads\/2023\/01\/Outils-nocode-pour-les-metiers-768x463.webp 768w\" sizes=\"(max-width: 800px) 100vw, 800px\" \/>\t\t\t\t\t\t\t<\/div>\n\t<\/div>\n\t\t\t\t<\/div>\n\t\t\t\t<\/div>\n\t\t\t\t\t<\/div>\n\t\t<\/div>\n\t\t\t\t\t<\/div>\n\t\t<\/section>\n\t\t\t\t<section class=\"elementor-section elementor-top-section elementor-element elementor-element-7ef111d elementor-section-boxed elementor-section-height-default elementor-section-height-default qodef-elementor-content-no\" data-id=\"7ef111d\" data-element_type=\"section\" data-e-type=\"section\" data-settings=\"{&quot;background_background&quot;:&quot;classic&quot;}\">\n\t\t\t\t\t\t<div class=\"elementor-container elementor-column-gap-default\">\n\t\t\t\t\t<div class=\"elementor-column elementor-col-50 elementor-top-column elementor-element elementor-element-4687ebe\" data-id=\"4687ebe\" data-element_type=\"column\" data-e-type=\"column\">\n\t\t\t<div class=\"elementor-widget-wrap elementor-element-populated\">\n\t\t\t\t\t\t<div class=\"elementor-element elementor-element-e5ef81b elementor-widget__width-initial elementor-widget elementor-widget-text-editor\" data-id=\"e5ef81b\" data-element_type=\"widget\" data-e-type=\"widget\" data-widget_type=\"text-editor.default\">\n\t\t\t\t<div class=\"elementor-widget-container\">\n\t\t\t\t\t\t\t\t\t<h5>AT VISIONSOFT, we have set ourselves the goal of becoming an essential reference for development platforms for specialists and non-specialists.<\/h5>\n<p>To achieve this, we are working in 5 major areas:<\/p>\n\t\t\t\t\t\t\t\t<\/div>\n\t\t\t\t<\/div>\n\t\t\t\t<div class=\"elementor-element elementor-element-9fc1147 elementor-widget elementor-widget-spacer\" data-id=\"9fc1147\" data-element_type=\"widget\" data-e-type=\"widget\" data-widget_type=\"spacer.default\">\n\t\t\t\t<div class=\"elementor-widget-container\">\n\t\t\t\t\t\t\t<div class=\"elementor-spacer\">\n\t\t\t<div class=\"elementor-spacer-inner\"><\/div>\n\t\t<\/div>\n\t\t\t\t\t\t<\/div>\n\t\t\t\t<\/div>\n\t\t\t\t\t<\/div>\n\t\t<\/div>\n\t\t\t\t<div class=\"elementor-column elementor-col-50 elementor-top-column elementor-element elementor-element-9e54623\" data-id=\"9e54623\" data-element_type=\"column\" data-e-type=\"column\">\n\t\t\t<div class=\"elementor-widget-wrap elementor-element-populated\">\n\t\t\t\t\t\t<div class=\"elementor-element elementor-element-6283c3c elementor-widget__width-initial elementor-widget elementor-widget-text-editor\" data-id=\"6283c3c\" data-element_type=\"widget\" data-e-type=\"widget\" data-widget_type=\"text-editor.default\">\n\t\t\t\t<div class=\"elementor-widget-container\">\n\t\t\t\t\t\t\t\t\t<h3>VISIONSOFT, that&#8217;s:<\/h3>\n\t\t\t\t\t\t\t\t<\/div>\n\t\t\t\t<\/div>\n\t\t\t\t<section class=\"elementor-section elementor-inner-section elementor-element elementor-element-958e52d elementor-section-boxed elementor-section-height-default elementor-section-height-default qodef-elementor-content-no\" data-id=\"958e52d\" data-element_type=\"section\" data-e-type=\"section\">\n\t\t\t\t\t\t<div class=\"elementor-container elementor-column-gap-default\">\n\t\t\t\t\t<div class=\"elementor-column elementor-col-50 elementor-inner-column elementor-element elementor-element-2333dfa\" data-id=\"2333dfa\" data-element_type=\"column\" data-e-type=\"column\">\n\t\t\t<div class=\"elementor-widget-wrap elementor-element-populated\">\n\t\t\t\t\t\t<div class=\"elementor-element elementor-element-6353374 elementor-widget__width-initial elementor-widget elementor-widget-text-editor\" data-id=\"6353374\" data-element_type=\"widget\" data-e-type=\"widget\" data-widget_type=\"text-editor.default\">\n\t\t\t\t<div class=\"elementor-widget-container\">\n\t\t\t\t\t\t\t\t\t<p>years of software publishing<\/p>\n\t\t\t\t\t\t\t\t<\/div>\n\t\t\t\t<\/div>\n\t\t\t\t\t<\/div>\n\t\t<\/div>\n\t\t\t\t<div class=\"elementor-column elementor-col-50 elementor-inner-column elementor-element elementor-element-8083e60\" data-id=\"8083e60\" data-element_type=\"column\" data-e-type=\"column\">\n\t\t\t<div class=\"elementor-widget-wrap elementor-element-populated\">\n\t\t\t\t\t\t<div class=\"elementor-element elementor-element-a88623a elementor-widget__width-initial elementor-widget elementor-widget-text-editor\" data-id=\"a88623a\" data-element_type=\"widget\" data-e-type=\"widget\" data-widget_type=\"text-editor.default\">\n\t\t\t\t<div class=\"elementor-widget-container\">\n\t\t\t\t\t\t\t\t\t<p>employees<\/p>\n\t\t\t\t\t\t\t\t<\/div>\n\t\t\t\t<\/div>\n\t\t\t\t\t<\/div>\n\t\t<\/div>\n\t\t\t\t\t<\/div>\n\t\t<\/section>\n\t\t\t\t<div class=\"elementor-element elementor-element-c2e11f2 elementor-widget elementor-widget-spacer\" data-id=\"c2e11f2\" data-element_type=\"widget\" data-e-type=\"widget\" data-widget_type=\"spacer.default\">\n\t\t\t\t<div class=\"elementor-widget-container\">\n\t\t\t\t\t\t\t<div class=\"elementor-spacer\">\n\t\t\t<div class=\"elementor-spacer-inner\"><\/div>\n\t\t<\/div>\n\t\t\t\t\t\t<\/div>\n\t\t\t\t<\/div>\n\t\t\t\t<div class=\"elementor-element elementor-element-3faa26a elementor-widget__width-initial elementor-widget elementor-widget-text-editor\" data-id=\"3faa26a\" data-element_type=\"widget\" data-e-type=\"widget\" data-widget_type=\"text-editor.default\">\n\t\t\t\t<div class=\"elementor-widget-container\">\n\t\t\t\t\t\t\t\t\t<h3>at the service of VISION, the all-in-one and 100% no-code application creation platform<\/h3>\n\t\t\t\t\t\t\t\t<\/div>\n\t\t\t\t<\/div>\n\t\t\t\t\t<\/div>\n\t\t<\/div>\n\t\t\t\t\t<\/div>\n\t\t<\/section>\n\t\t\t\t<section class=\"elementor-section elementor-top-section elementor-element elementor-element-0c5e2d0 elementor-section-boxed elementor-section-height-default elementor-section-height-default qodef-elementor-content-no\" data-id=\"0c5e2d0\" data-element_type=\"section\" data-e-type=\"section\" data-settings=\"{&quot;background_background&quot;:&quot;classic&quot;}\">\n\t\t\t\t\t\t<div class=\"elementor-container elementor-column-gap-default\">\n\t\t\t\t\t<div class=\"elementor-column elementor-col-50 elementor-top-column elementor-element elementor-element-d118a8f\" data-id=\"d118a8f\" data-element_type=\"column\" data-e-type=\"column\">\n\t\t\t<div class=\"elementor-widget-wrap elementor-element-populated\">\n\t\t\t\t\t\t<div class=\"elementor-element elementor-element-98d72e8 elementor-widget__width-initial elementor-widget elementor-widget-text-editor\" data-id=\"98d72e8\" data-element_type=\"widget\" data-e-type=\"widget\" data-widget_type=\"text-editor.default\">\n\t\t\t\t<div class=\"elementor-widget-container\">\n\t\t\t\t\t\t\t\t\t<h2>A 100% agile team<\/h2>\n\t\t\t\t\t\t\t\t<\/div>\n\t\t\t\t<\/div>\n\t\t\t\t<div class=\"elementor-element elementor-element-746b827 elementor-widget__width-initial elementor-widget elementor-widget-text-editor\" data-id=\"746b827\" data-element_type=\"widget\" data-e-type=\"widget\" data-widget_type=\"text-editor.default\">\n\t\t\t\t<div class=\"elementor-widget-container\">\n\t\t\t\t\t\t\t\t\t<p><span style=\"font-weight: 500;\">Visionsoft<\/span>, c\u2019est avant tout une \u00e9quipe de d\u00e9veloppeurs multi-comp\u00e9tents et passionn\u00e9s, venus d\u2019horizons diff\u00e9rents : jeux vid\u00e9o, infrastructure, back, front,&#8230;<\/p>\n<p>We put all our skills and our IT engineering culture at the disposal of creators (makers), who use the Vision platform to develop applications that are just like them. Vision is constantly evolving and improving. Familiar with the Agile method, we work in 3-week sprints to offer an ever-improving level of service.  <\/p>\n<p><span style=\"font-weight: 500;\">Visionsoft <\/span>is also the meeting of an experienced team of professionals entirely focused on serving our customers: sales, marketing, support and training.<\/p>\n<p><span style=\"font-weight: 500;\">Visionsoft is finally<\/span> a coherent ecosystem of partners: business providers, ICT, ESN, integrators, distributors, software publishers, technological partners, etc. Using the platform to meet the needs and aspirations of their customers.<\/p>\n\t\t\t\t\t\t\t\t<\/div>\n\t\t\t\t<\/div>\n\t\t\t\t\t<\/div>\n\t\t<\/div>\n\t\t\t\t<div class=\"elementor-column elementor-col-50 elementor-top-column elementor-element elementor-element-6519a31\" data-id=\"6519a31\" data-element_type=\"column\" data-e-type=\"column\" data-settings=\"{&quot;background_background&quot;:&quot;classic&quot;}\">\n\t\t\t<div class=\"elementor-widget-wrap elementor-element-populated\">\n\t\t\t\t\t\t<div class=\"elementor-element elementor-element-be2d182 elementor-widget__width-initial elementor-widget elementor-widget-text-editor\" data-id=\"be2d182\" data-element_type=\"widget\" data-e-type=\"widget\" data-widget_type=\"text-editor.default\">\n\t\t\t\t<div class=\"elementor-widget-container\">\n\t\t\t\t\t\t\t\t\t<h2>Let&#8217;s meet!<\/h2>\n\t\t\t\t\t\t\t\t<\/div>\n\t\t\t\t<\/div>\n\t\t\t\t<div class=\"elementor-element elementor-element-494dd3e elementor-widget__width-initial elementor-widget elementor-widget-text-editor\" data-id=\"494dd3e\" data-element_type=\"widget\" data-e-type=\"widget\" data-widget_type=\"text-editor.default\">\n\t\t\t\t<div class=\"elementor-widget-container\">\n\t\t\t\t\t\t\t\t\t<p><b>VISIONSOFT<\/b><br \/>45 all\u00e9e Th\u00e9odore Monod<br \/>Technopole IZARBEL<br \/>64210 BIDART<\/p>\n\t\t\t\t\t\t\t\t<\/div>\n\t\t\t\t<\/div>\n\t\t\t\t<div class=\"elementor-element elementor-element-f980f90 elementor-widget elementor-widget-spacer\" data-id=\"f980f90\" data-element_type=\"widget\" data-e-type=\"widget\" data-widget_type=\"spacer.default\">\n\t\t\t\t<div class=\"elementor-widget-container\">\n\t\t\t\t\t\t\t<div class=\"elementor-spacer\">\n\t\t\t<div class=\"elementor-spacer-inner\"><\/div>\n\t\t<\/div>\n\t\t\t\t\t\t<\/div>\n\t\t\t\t<\/div>\n\t\t\t\t<div class=\"elementor-element elementor-element-8924e38 elementor-widget elementor-widget-html\" data-id=\"8924e38\" data-element_type=\"widget\" data-e-type=\"widget\" data-widget_type=\"html.default\">\n\t\t\t\t<div class=\"elementor-widget-container\">\n\t\t\t\t\t<iframe src=\"https:\/\/snazzymaps.com\/embed\/455663\" width=\"100%\" height=\"400px\" style=\"border:none;\"><\/iframe>\t\t\t\t<\/div>\n\t\t\t\t<\/div>\n\t\t\t\t\t<\/div>\n\t\t<\/div>\n\t\t\t\t\t<\/div>\n\t\t<\/section>\n\t\t\t\t<section class=\"elementor-section elementor-top-section elementor-element elementor-element-5d781ee elementor-section-boxed elementor-section-height-default elementor-section-height-default qodef-elementor-content-no\" data-id=\"5d781ee\" data-element_type=\"section\" data-e-type=\"section\">\n\t\t\t\t\t\t<div class=\"elementor-container elementor-column-gap-default\">\n\t\t\t\t\t<div class=\"elementor-column elementor-col-100 elementor-top-column elementor-element elementor-element-31c6736\" data-id=\"31c6736\" data-element_type=\"column\" data-e-type=\"column\">\n\t\t\t<div class=\"elementor-widget-wrap elementor-element-populated\">\n\t\t\t\t\t\t<div class=\"elementor-element elementor-element-f1c6dfa elementor-widget elementor-widget-image\" data-id=\"f1c6dfa\" data-element_type=\"widget\" data-e-type=\"widget\" data-widget_type=\"image.default\">\n\t\t\t\t<div class=\"elementor-widget-container\">\n\t\t\t\t\t\t\t\t\t\t\t\t\t\t\t<img decoding=\"async\" width=\"1024\" height=\"683\" src=\"https:\/\/visionsoft.tech\/wp-content\/uploads\/2025\/02\/visionsoft-bureau-1-1024x683.jpg\" class=\"attachment-large size-large wp-image-16103\" alt=\"\" srcset=\"https:\/\/visionsoft.tech\/wp-content\/uploads\/2025\/02\/visionsoft-bureau-1-1024x683.jpg 1024w, https:\/\/visionsoft.tech\/wp-content\/uploads\/2025\/02\/visionsoft-bureau-1-300x200.jpg 300w, https:\/\/visionsoft.tech\/wp-content\/uploads\/2025\/02\/visionsoft-bureau-1-768x512.jpg 768w, https:\/\/visionsoft.tech\/wp-content\/uploads\/2025\/02\/visionsoft-bureau-1-1536x1024.jpg 1536w, https:\/\/visionsoft.tech\/wp-content\/uploads\/2025\/02\/visionsoft-bureau-1-2048x1365.jpg 2048w\" sizes=\"(max-width: 1024px) 100vw, 1024px\" \/>\t\t\t\t\t\t\t\t\t\t\t\t\t\t\t<\/div>\n\t\t\t\t<\/div>\n\t\t\t\t\t<\/div>\n\t\t<\/div>\n\t\t\t\t\t<\/div>\n\t\t<\/section>\n\t\t\t\t<\/div>\n\t\t","protected":false},"excerpt":{"rendered":"<p>Embracing the no-code revolution since 2017 No-code completely redefines the way companies use IT and unleashes their potential. The &#8216;citizen developers&#8217; (or &#8216;citizendevs&#8217;), our users, create complete applications, quickly and without limits, and digitalize their business in a hyper-agile approach. Join the no-code revolution with VISION! AT VISIONSOFT, we have set ourselves the goal of [&hellip;]<\/p>\n","protected":false},"author":9,"featured_media":0,"parent":0,"menu_order":0,"comment_status":"closed","ping_status":"closed","template":"page-full-width.php","meta":{"om_disable_all_campaigns":false,"inline_featured_image":false,"_monsterinsights_skip_tracking":false,"_monsterinsights_sitenote_active":false,"_monsterinsights_sitenote_note":"","_monsterinsights_sitenote_category":0,"footnotes":""},"class_list":["post-15505","page","type-page","status-publish","hentry"],"aioseo_notices":[],"_links":{"self":[{"href":"https:\/\/visionsoft.tech\/en\/wp-json\/wp\/v2\/pages\/15505","targetHints":{"allow":["GET"]}}],"collection":[{"href":"https:\/\/visionsoft.tech\/en\/wp-json\/wp\/v2\/pages"}],"about":[{"href":"https:\/\/visionsoft.tech\/en\/wp-json\/wp\/v2\/types\/page"}],"author":[{"embeddable":true,"href":"https:\/\/visionsoft.tech\/en\/wp-json\/wp\/v2\/users\/9"}],"replies":[{"embeddable":true,"href":"https:\/\/visionsoft.tech\/en\/wp-json\/wp\/v2\/comments?post=15505"}],"version-history":[{"count":1,"href":"https:\/\/visionsoft.tech\/en\/wp-json\/wp\/v2\/pages\/15505\/revisions"}],"predecessor-version":[{"id":18866,"href":"https:\/\/visionsoft.tech\/en\/wp-json\/wp\/v2\/pages\/15505\/revisions\/18866"}],"wp:attachment":[{"href":"https:\/\/visionsoft.tech\/en\/wp-json\/wp\/v2\/media?parent=15505"}],"curies":[{"name":"wp","href":"https:\/\/api.w.org\/{rel}","templated":true}]}}