{"id":18117,"date":"2025-10-03T11:17:13","date_gmt":"2025-10-03T09:17:13","guid":{"rendered":"https:\/\/visionsoft.tech\/?page_id=18117"},"modified":"2025-10-03T11:23:50","modified_gmt":"2025-10-03T09:23:50","slug":"create-an-account-2","status":"publish","type":"page","link":"https:\/\/visionsoft.tech\/en\/create-an-account-2\/","title":{"rendered":"Create an account"},"content":{"rendered":"\t\t<div data-elementor-type=\"wp-page\" data-elementor-id=\"18117\" class=\"elementor elementor-18117 elementor-18116\" data-elementor-post-type=\"page\">\n\t\t\t\t\t\t<section class=\"elementor-section elementor-top-section elementor-element elementor-element-3c8d4f5 elementor-section-boxed elementor-section-height-default elementor-section-height-default qodef-elementor-content-no\" data-id=\"3c8d4f5\" data-element_type=\"section\" data-e-type=\"section\" data-settings=\"{&quot;background_background&quot;:&quot;classic&quot;}\">\n\t\t\t\t\t\t<div class=\"elementor-container elementor-column-gap-default\">\n\t\t\t\t\t<div class=\"elementor-column elementor-col-100 elementor-top-column elementor-element elementor-element-fc580e8\" data-id=\"fc580e8\" data-element_type=\"column\" data-e-type=\"column\">\n\t\t\t<div class=\"elementor-widget-wrap elementor-element-populated\">\n\t\t\t\t\t\t<section class=\"elementor-section elementor-inner-section elementor-element elementor-element-3598bce elementor-section-boxed elementor-section-height-default elementor-section-height-default qodef-elementor-content-no\" data-id=\"3598bce\" data-element_type=\"section\" data-e-type=\"section\">\n\t\t\t\t\t\t<div class=\"elementor-container elementor-column-gap-default\">\n\t\t\t\t\t<div class=\"elementor-column elementor-col-100 elementor-inner-column elementor-element elementor-element-0037508\" data-id=\"0037508\" data-element_type=\"column\" data-e-type=\"column\">\n\t\t\t<div class=\"elementor-widget-wrap elementor-element-populated\">\n\t\t\t\t\t\t<div class=\"elementor-element elementor-element-3421e12 elementor-widget__width-initial elementor-widget-tablet__width-initial elementor-widget elementor-widget-text-editor\" data-id=\"3421e12\" data-element_type=\"widget\" data-e-type=\"widget\" data-widget_type=\"text-editor.default\">\n\t\t\t\t<div class=\"elementor-widget-container\">\n\t\t\t\t\t\t\t\t\t<h1>Contact the Vision team<\/h1>\n\t\t\t\t\t\t\t\t<\/div>\n\t\t\t\t<\/div>\n\t\t\t\t<div class=\"elementor-element elementor-element-96efbe5 elementor-widget elementor-widget-spacer\" data-id=\"96efbe5\" data-element_type=\"widget\" data-e-type=\"widget\" data-widget_type=\"spacer.default\">\n\t\t\t\t<div class=\"elementor-widget-container\">\n\t\t\t\t\t\t\t<div class=\"elementor-spacer\">\n\t\t\t<div class=\"elementor-spacer-inner\"><\/div>\n\t\t<\/div>\n\t\t\t\t\t\t<\/div>\n\t\t\t\t<\/div>\n\t\t\t\t<div class=\"elementor-element elementor-element-e71cf03 elementor-widget__width-initial elementor-widget elementor-widget-text-editor\" data-id=\"e71cf03\" data-element_type=\"widget\" data-e-type=\"widget\" data-widget_type=\"text-editor.default\">\n\t\t\t\t<div class=\"elementor-widget-container\">\n\t\t\t\t\t\t\t\t\t<h4>You&#8217;ll love working with Vision.<\/h4>\n<div>\n<h4 style=\"background-color: #ffffff; letter-spacing: normal;\">Functionalities, price requests, miscellaneous information&#8230; we&#8217;ll be happy to answer all your questions.&nbsp;<\/h4>\n<\/div>\n\t\t\t\t\t\t\t\t<\/div>\n\t\t\t\t<\/div>\n\t\t\t\t\t<\/div>\n\t\t<\/div>\n\t\t\t\t\t<\/div>\n\t\t<\/section>\n\t\t\t\t\t<\/div>\n\t\t<\/div>\n\t\t\t\t\t<\/div>\n\t\t<\/section>\n\t\t\t\t<section class=\"elementor-section elementor-top-section elementor-element elementor-element-5825a05 elementor-section-boxed elementor-section-height-default elementor-section-height-default qodef-elementor-content-no\" data-id=\"5825a05\" data-element_type=\"section\" data-e-type=\"section\" data-settings=\"{&quot;background_background&quot;:&quot;classic&quot;}\">\n\t\t\t\t\t\t<div class=\"elementor-container elementor-column-gap-default\">\n\t\t\t\t\t<div class=\"elementor-column elementor-col-50 elementor-top-column elementor-element elementor-element-e1be031\" data-id=\"e1be031\" data-element_type=\"column\" data-e-type=\"column\">\n\t\t\t<div class=\"elementor-widget-wrap elementor-element-populated\">\n\t\t\t\t\t\t<section class=\"elementor-section elementor-inner-section elementor-element elementor-element-44e9475 elementor-section-boxed elementor-section-height-default elementor-section-height-default qodef-elementor-content-no\" data-id=\"44e9475\" data-element_type=\"section\" data-e-type=\"section\">\n\t\t\t\t\t\t<div class=\"elementor-container elementor-column-gap-default\">\n\t\t\t\t\t<div class=\"elementor-column elementor-col-100 elementor-inner-column elementor-element elementor-element-86f988b\" data-id=\"86f988b\" data-element_type=\"column\" data-e-type=\"column\">\n\t\t\t<div class=\"elementor-widget-wrap elementor-element-populated\">\n\t\t\t\t\t\t<div class=\"elementor-element elementor-element-a3f5313 elementor-widget elementor-widget-spacer\" data-id=\"a3f5313\" data-element_type=\"widget\" data-e-type=\"widget\" data-widget_type=\"spacer.default\">\n\t\t\t\t<div class=\"elementor-widget-container\">\n\t\t\t\t\t\t\t<div class=\"elementor-spacer\">\n\t\t\t<div class=\"elementor-spacer-inner\"><\/div>\n\t\t<\/div>\n\t\t\t\t\t\t<\/div>\n\t\t\t\t<\/div>\n\t\t\t\t<div class=\"elementor-element elementor-element-dd9ab86 elementor-widget__width-initial elementor-widget elementor-widget-otaru_core_icon_with_text\" data-id=\"dd9ab86\" data-element_type=\"widget\" data-e-type=\"widget\" data-widget_type=\"otaru_core_icon_with_text.default\">\n\t\t\t\t<div class=\"elementor-widget-container\">\n\t\t\t\t\t<div class=\"qodef-shortcode qodef-m  qodef-icon-with-text qodef-layout--before-content qodef--icon-pack \" style=\"--qodef-iwt-gap: 15px\">\n\t<div class=\"qodef-m-icon-wrapper\" >\n\t\t<span class=\"qodef-shortcode qodef-m  qodef-icon-holder qodef-size--default qodef-layout--circle\"  style=\"width: 30px;height: 30px;line-height: 30px;background-color: #27BBE4\">\t\t\t<span class=\"qodef-icon-elegant-icons icon_check qodef-icon qodef-e\" style=\"color: #FFFFFF\" ><\/span>\t<\/span>\t<\/div>\n\t<div class=\"qodef-m-content\">\n\t\t\t<p class=\"qodef-m-title\" >\n\t\t\t\t\t<span class=\"qodef-m-title-text\">LA solution no-code d\u00e9di\u00e9e \u00e0 l&#039;industrie 4.0<\/span>\n\t\t\t<\/p>\n\t\t\t<p class=\"qodef-m-text\" style=\"margin-top: 5px\">Offline, Plans, Digitalisation des proc\u00e9dures, GED technique, G\u00e9olocalisation des \u00e9quipements, Rapports automatis\u00e9s, ... Visionsoft vous permet d&#039;aller plus vite dans la r\u00e9volution de l&#039;industrie 4.0 !<\/p>\n\t<\/div>\n<\/div>\n\t\t\t\t<\/div>\n\t\t\t\t<\/div>\n\t\t\t\t<div class=\"elementor-element elementor-element-c37cad7 elementor-widget__width-initial elementor-widget elementor-widget-otaru_core_icon_with_text\" data-id=\"c37cad7\" data-element_type=\"widget\" data-e-type=\"widget\" data-widget_type=\"otaru_core_icon_with_text.default\">\n\t\t\t\t<div class=\"elementor-widget-container\">\n\t\t\t\t\t<div class=\"qodef-shortcode qodef-m  qodef-icon-with-text qodef-layout--before-content qodef--icon-pack \" style=\"--qodef-iwt-gap: 15px\">\n\t<div class=\"qodef-m-icon-wrapper\" >\n\t\t<span class=\"qodef-shortcode qodef-m  qodef-icon-holder qodef-size--default qodef-layout--circle\"  style=\"width: 30px;height: 30px;line-height: 30px;background-color: #27BBE4\">\t\t\t<span class=\"qodef-icon-elegant-icons icon_check qodef-icon qodef-e\" style=\"color: #FFFFFF\" ><\/span>\t<\/span>\t<\/div>\n\t<div class=\"qodef-m-content\">\n\t\t\t<p class=\"qodef-m-title\" >\n\t\t\t\t\t<span class=\"qodef-m-title-text\">L&#039;\u00e9diteur no-code le plus puissant du march\u00e9<\/span>\n\t\t\t<\/p>\n\t\t\t<p class=\"qodef-m-text\" style=\"margin-top: 5px\">Visionsoft sait tout faire, vraiment. Cr\u00e9ez l&#039;application qui vous ressemble, sans aucune limite.<\/p>\n\t<\/div>\n<\/div>\n\t\t\t\t<\/div>\n\t\t\t\t<\/div>\n\t\t\t\t<div class=\"elementor-element elementor-element-2b7db66 elementor-widget__width-initial elementor-widget elementor-widget-otaru_core_icon_with_text\" data-id=\"2b7db66\" data-element_type=\"widget\" data-e-type=\"widget\" data-widget_type=\"otaru_core_icon_with_text.default\">\n\t\t\t\t<div class=\"elementor-widget-container\">\n\t\t\t\t\t<div class=\"qodef-shortcode qodef-m  qodef-icon-with-text qodef-layout--before-content qodef--icon-pack \" style=\"--qodef-iwt-gap: 15px\">\n\t<div class=\"qodef-m-icon-wrapper\" >\n\t\t<span class=\"qodef-shortcode qodef-m  qodef-icon-holder qodef-size--default qodef-layout--circle\"  style=\"width: 30px;height: 30px;line-height: 30px;background-color: #27BBE4\">\t\t\t<span class=\"qodef-icon-elegant-icons icon_check qodef-icon qodef-e\" style=\"color: #FFFFFF\" ><\/span>\t<\/span>\t<\/div>\n\t<div class=\"qodef-m-content\">\n\t\t\t<p class=\"qodef-m-title\" >\n\t\t\t\t\t<span class=\"qodef-m-title-text\">L&#039;IA enti\u00e8rement int\u00e9gr\u00e9 en no-code<\/span>\n\t\t\t<\/p>\n\t\t\t<p class=\"qodef-m-text\" style=\"margin-top: 5px\">Ajoutez de l&#039;IA dans vos processus et dans vos applications m\u00e9tier. Cr\u00e9ez vos propres agents autonomes en no-code !<\/p>\n\t<\/div>\n<\/div>\n\t\t\t\t<\/div>\n\t\t\t\t<\/div>\n\t\t\t\t<div class=\"elementor-element elementor-element-e7e1a81 elementor-widget__width-initial elementor-widget elementor-widget-otaru_core_icon_with_text\" data-id=\"e7e1a81\" data-element_type=\"widget\" data-e-type=\"widget\" data-widget_type=\"otaru_core_icon_with_text.default\">\n\t\t\t\t<div class=\"elementor-widget-container\">\n\t\t\t\t\t<div class=\"qodef-shortcode qodef-m  qodef-icon-with-text qodef-layout--before-content qodef--icon-pack \" style=\"--qodef-iwt-gap: 15px\">\n\t<div class=\"qodef-m-icon-wrapper\" >\n\t\t<span class=\"qodef-shortcode qodef-m  qodef-icon-holder qodef-size--default qodef-layout--circle\"  style=\"width: 30px;height: 30px;line-height: 30px;background-color: #27BBE4\">\t\t\t<span class=\"qodef-icon-elegant-icons icon_check qodef-icon qodef-e\" style=\"color: #FFFFFF\" ><\/span>\t<\/span>\t<\/div>\n\t<div class=\"qodef-m-content\">\n\t\t\t<p class=\"qodef-m-title\" >\n\t\t\t\t\t<span class=\"qodef-m-title-text\">Une solution souveraine<\/span>\n\t\t\t<\/p>\n\t\t\t<p class=\"qodef-m-text\" style=\"margin-top: 5px\">La plateforme Visionsoft est fi\u00e8rement d\u00e9velopp\u00e9e en France dans le magnifique Pays Basque, et h\u00e9berg\u00e9e en France ou m\u00eame sur votre site.<\/p>\n\t<\/div>\n<\/div>\n\t\t\t\t<\/div>\n\t\t\t\t<\/div>\n\t\t\t\t<div class=\"elementor-element elementor-element-b4b526f elementor-widget elementor-widget-spacer\" data-id=\"b4b526f\" data-element_type=\"widget\" data-e-type=\"widget\" data-widget_type=\"spacer.default\">\n\t\t\t\t<div class=\"elementor-widget-container\">\n\t\t\t\t\t\t\t<div class=\"elementor-spacer\">\n\t\t\t<div class=\"elementor-spacer-inner\"><\/div>\n\t\t<\/div>\n\t\t\t\t\t\t<\/div>\n\t\t\t\t<\/div>\n\t\t\t\t<div class=\"elementor-element elementor-element-6e72807 elementor-widget__width-initial elementor-widget elementor-widget-text-editor\" data-id=\"6e72807\" data-element_type=\"widget\" data-e-type=\"widget\" data-widget_type=\"text-editor.default\">\n\t\t\t\t<div class=\"elementor-widget-container\">\n\t\t\t\t\t\t\t\t\t<h4>Ils ont choisi Visionsoft<\/h4>\n\t\t\t\t\t\t\t\t<\/div>\n\t\t\t\t<\/div>\n\t\t\t\t<div class=\"elementor-element elementor-element-98455e8 elementor-widget__width-initial elementor-widget elementor-widget-otaru_core_clients_list\" data-id=\"98455e8\" data-element_type=\"widget\" data-e-type=\"widget\" data-widget_type=\"otaru_core_clients_list.default\">\n\t\t\t\t<div class=\"elementor-widget-container\">\n\t\t\t\t\t<div class=\"qodef-shortcode qodef-m  qodef-clients-list qodef-grid qodef-layout--columns  qodef-gutter--normal qodef-col-num--4 qodef-item-layout--image-only qodef-responsive--custom qodef-col-num--1440--4 qodef-col-num--1366--4 qodef-col-num--1024--3 qodef-col-num--768--3 qodef-col-num--680--3 qodef-col-num--480--2 qodef-hover-animation--fade-in\" >\n\t<div class=\"qodef-grid-inner clear\">\n\t\t<span class=\"qodef-e qodef-grid-item \">\n\t<span class=\"qodef-e-inner\">\n\t\t\t<span class=\"qodef-e-image\">\n\t\t\t\t\t<a itemprop=\"url\" href=\"https:\/\/www.bouygues.com\/\" target=\"_blank\">\n\t\t\t\t\t\t\t\t\t<span class=\"qodef-e-logo\">\n\t\t\t\t\t<img decoding=\"async\" width=\"200\" height=\"100\" src=\"https:\/\/visionsoft.tech\/wp-content\/uploads\/2022\/11\/bouygues-hover.png\" class=\"attachment-full size-full\" alt=\"bouygues\" \/>\t\t\t\t<\/span>\n\t\t\t\t\t\t\t\t\t\t<span class=\"qodef-e-hover-logo\">\n\t\t\t\t\t<img decoding=\"async\" width=\"200\" height=\"100\" src=\"https:\/\/visionsoft.tech\/wp-content\/uploads\/2022\/11\/bouygues-hover.png\" class=\"attachment-full size-full\" alt=\"bouygues\" \/>\t\t\t\t<\/span>\n\t\t\t\t\t\t\t\t<\/a>\n\t\t\t<\/span>\n\t<\/span>\n<\/span>\n<span class=\"qodef-e qodef-grid-item \">\n\t<span class=\"qodef-e-inner\">\n\t\t\t<span class=\"qodef-e-image\">\n\t\t\t\t\t<a itemprop=\"url\" href=\"https:\/\/www.snf.com\" target=\"_blank\">\n\t\t\t\t\t\t\t\t\t<span class=\"qodef-e-logo\">\n\t\t\t\t\t<img decoding=\"async\" width=\"200\" height=\"100\" src=\"https:\/\/visionsoft.tech\/wp-content\/uploads\/2024\/08\/SNF-logo-200x100-v2.png\" class=\"attachment-full size-full\" alt=\"\" \/>\t\t\t\t<\/span>\n\t\t\t\t\t\t\t\t\t\t<span class=\"qodef-e-hover-logo\">\n\t\t\t\t\t<img decoding=\"async\" width=\"200\" height=\"100\" src=\"https:\/\/visionsoft.tech\/wp-content\/uploads\/2024\/08\/SNF-logo-200x100-v2.png\" class=\"attachment-full size-full\" alt=\"\" \/>\t\t\t\t<\/span>\n\t\t\t\t\t\t\t\t<\/a>\n\t\t\t<\/span>\n\t<\/span>\n<\/span>\n<span class=\"qodef-e qodef-grid-item \">\n\t<span class=\"qodef-e-inner\">\n\t\t\t<span class=\"qodef-e-image\">\n\t\t\t\t\t<a itemprop=\"url\" href=\"https:\/\/www.laposte.fr\/\" target=\"_blank\">\n\t\t\t\t\t\t\t\t\t<span class=\"qodef-e-logo\">\n\t\t\t\t\t<img decoding=\"async\" width=\"200\" height=\"100\" src=\"https:\/\/visionsoft.tech\/wp-content\/uploads\/2024\/08\/la-poste-logo-200x100-1.png\" class=\"attachment-full size-full\" alt=\"\" \/>\t\t\t\t<\/span>\n\t\t\t\t\t\t\t\t\t\t<span class=\"qodef-e-hover-logo\">\n\t\t\t\t\t<img decoding=\"async\" width=\"200\" height=\"100\" src=\"https:\/\/visionsoft.tech\/wp-content\/uploads\/2024\/08\/la-poste-logo-200x100-1.png\" class=\"attachment-full size-full\" alt=\"\" \/>\t\t\t\t<\/span>\n\t\t\t\t\t\t\t\t<\/a>\n\t\t\t<\/span>\n\t<\/span>\n<\/span>\n<span class=\"qodef-e qodef-grid-item \">\n\t<span class=\"qodef-e-inner\">\n\t\t\t<span class=\"qodef-e-image\">\n\t\t\t\t\t<a itemprop=\"url\" href=\"https:\/\/www.euroapi.com\/\" target=\"_blank\">\n\t\t\t\t\t\t\t\t\t<span class=\"qodef-e-logo\">\n\t\t\t\t\t<img loading=\"lazy\" decoding=\"async\" width=\"200\" height=\"100\" src=\"https:\/\/visionsoft.tech\/wp-content\/uploads\/2024\/08\/euroapi-200x100-1.png\" class=\"attachment-full size-full\" alt=\"\" \/>\t\t\t\t<\/span>\n\t\t\t\t\t\t\t\t\t\t<span class=\"qodef-e-hover-logo\">\n\t\t\t\t\t<img loading=\"lazy\" decoding=\"async\" width=\"200\" height=\"100\" src=\"https:\/\/visionsoft.tech\/wp-content\/uploads\/2024\/08\/euroapi-200x100-1.png\" class=\"attachment-full size-full\" alt=\"\" \/>\t\t\t\t<\/span>\n\t\t\t\t\t\t\t\t<\/a>\n\t\t\t<\/span>\n\t<\/span>\n<\/span>\n<span class=\"qodef-e qodef-grid-item \">\n\t<span class=\"qodef-e-inner\">\n\t\t\t<span class=\"qodef-e-image\">\n\t\t\t\t\t<a itemprop=\"url\" href=\"https:\/\/www.basf.com\/fr\/fr\" target=\"_blank\">\n\t\t\t\t\t\t\t\t\t<span class=\"qodef-e-logo\">\n\t\t\t\t\t<img loading=\"lazy\" decoding=\"async\" width=\"252\" height=\"129\" src=\"https:\/\/visionsoft.tech\/wp-content\/uploads\/2025\/05\/basf2.png\" class=\"attachment-full size-full\" alt=\"\" \/>\t\t\t\t<\/span>\n\t\t\t\t\t\t\t\t\t\t<span class=\"qodef-e-hover-logo\">\n\t\t\t\t\t<img loading=\"lazy\" decoding=\"async\" width=\"252\" height=\"129\" src=\"https:\/\/visionsoft.tech\/wp-content\/uploads\/2025\/05\/basf2.png\" class=\"attachment-full size-full\" alt=\"\" \/>\t\t\t\t<\/span>\n\t\t\t\t\t\t\t\t<\/a>\n\t\t\t<\/span>\n\t<\/span>\n<\/span>\n<span class=\"qodef-e qodef-grid-item \">\n\t<span class=\"qodef-e-inner\">\n\t\t\t<span class=\"qodef-e-image\">\n\t\t\t\t\t<a itemprop=\"url\" href=\"http:\/\/ipelec.com\/\" target=\"_blank\">\n\t\t\t\t\t\t\t\t\t<span class=\"qodef-e-logo\">\n\t\t\t\t\t<img loading=\"lazy\" decoding=\"async\" width=\"165\" height=\"100\" src=\"https:\/\/visionsoft.tech\/wp-content\/uploads\/2025\/07\/logo-groupe-ipelec.png\" class=\"attachment-full size-full\" alt=\"\" \/>\t\t\t\t<\/span>\n\t\t\t\t\t\t\t\t\t\t<span class=\"qodef-e-hover-logo\">\n\t\t\t\t\t<img loading=\"lazy\" decoding=\"async\" width=\"165\" height=\"100\" src=\"https:\/\/visionsoft.tech\/wp-content\/uploads\/2025\/07\/logo-groupe-ipelec.png\" class=\"attachment-full size-full\" alt=\"\" \/>\t\t\t\t<\/span>\n\t\t\t\t\t\t\t\t<\/a>\n\t\t\t<\/span>\n\t<\/span>\n<\/span>\n<span class=\"qodef-e qodef-grid-item \">\n\t<span class=\"qodef-e-inner\">\n\t\t\t<span class=\"qodef-e-image\">\n\t\t\t\t\t<a itemprop=\"url\" href=\"https:\/\/ingroupe.com\/fr\/\" target=\"_blank\">\n\t\t\t\t\t\t\t\t\t<span class=\"qodef-e-logo\">\n\t\t\t\t\t<img loading=\"lazy\" decoding=\"async\" width=\"2560\" height=\"1219\" src=\"https:\/\/visionsoft.tech\/wp-content\/uploads\/2026\/01\/IN_Groupe-scaled.png\" class=\"attachment-full size-full\" alt=\"\" srcset=\"https:\/\/visionsoft.tech\/wp-content\/uploads\/2026\/01\/IN_Groupe-scaled.png 2560w, https:\/\/visionsoft.tech\/wp-content\/uploads\/2026\/01\/IN_Groupe-300x143.png 300w, https:\/\/visionsoft.tech\/wp-content\/uploads\/2026\/01\/IN_Groupe-1024x488.png 1024w, https:\/\/visionsoft.tech\/wp-content\/uploads\/2026\/01\/IN_Groupe-768x366.png 768w, https:\/\/visionsoft.tech\/wp-content\/uploads\/2026\/01\/IN_Groupe-1536x732.png 1536w, https:\/\/visionsoft.tech\/wp-content\/uploads\/2026\/01\/IN_Groupe-2048x975.png 2048w\" sizes=\"(max-width: 2560px) 100vw, 2560px\" \/>\t\t\t\t<\/span>\n\t\t\t\t\t\t\t\t\t\t<span class=\"qodef-e-hover-logo\">\n\t\t\t\t\t<img loading=\"lazy\" decoding=\"async\" width=\"2560\" height=\"1219\" src=\"https:\/\/visionsoft.tech\/wp-content\/uploads\/2026\/01\/IN_Groupe-scaled.png\" class=\"attachment-full size-full\" alt=\"\" srcset=\"https:\/\/visionsoft.tech\/wp-content\/uploads\/2026\/01\/IN_Groupe-scaled.png 2560w, https:\/\/visionsoft.tech\/wp-content\/uploads\/2026\/01\/IN_Groupe-300x143.png 300w, https:\/\/visionsoft.tech\/wp-content\/uploads\/2026\/01\/IN_Groupe-1024x488.png 1024w, https:\/\/visionsoft.tech\/wp-content\/uploads\/2026\/01\/IN_Groupe-768x366.png 768w, https:\/\/visionsoft.tech\/wp-content\/uploads\/2026\/01\/IN_Groupe-1536x732.png 1536w, https:\/\/visionsoft.tech\/wp-content\/uploads\/2026\/01\/IN_Groupe-2048x975.png 2048w\" sizes=\"(max-width: 2560px) 100vw, 2560px\" \/>\t\t\t\t<\/span>\n\t\t\t\t\t\t\t\t<\/a>\n\t\t\t<\/span>\n\t<\/span>\n<\/span>\n\t<\/div>\n<\/div>\n\t\t\t\t<\/div>\n\t\t\t\t<\/div>\n\t\t\t\t<div class=\"elementor-element elementor-element-9c994cd elementor-widget elementor-widget-spacer\" data-id=\"9c994cd\" data-element_type=\"widget\" data-e-type=\"widget\" data-widget_type=\"spacer.default\">\n\t\t\t\t<div class=\"elementor-widget-container\">\n\t\t\t\t\t\t\t<div class=\"elementor-spacer\">\n\t\t\t<div class=\"elementor-spacer-inner\"><\/div>\n\t\t<\/div>\n\t\t\t\t\t\t<\/div>\n\t\t\t\t<\/div>\n\t\t\t\t\t<\/div>\n\t\t<\/div>\n\t\t\t\t\t<\/div>\n\t\t<\/section>\n\t\t\t\t\t<\/div>\n\t\t<\/div>\n\t\t\t\t<div class=\"elementor-column elementor-col-50 elementor-top-column elementor-element elementor-element-dbbc83b\" data-id=\"dbbc83b\" data-element_type=\"column\" data-e-type=\"column\" data-settings=\"{&quot;background_background&quot;:&quot;classic&quot;}\">\n\t\t\t<div class=\"elementor-widget-wrap elementor-element-populated\">\n\t\t\t\t\t\t<div class=\"elementor-element elementor-element-b38d35e elementor-widget elementor-widget-shortcode\" data-id=\"b38d35e\" data-element_type=\"widget\" data-e-type=\"widget\" data-widget_type=\"shortcode.default\">\n\t\t\t\t<div class=\"elementor-widget-container\">\n\t\t\t\t\t\t\t<div class=\"elementor-shortcode\">    <style>\r\n\t\tform {font-family:'Roboto', sans-serif; max-width: 500px; margin: auto; }\t\t\r\n\t\tinput { width: 100%; padding: 8px; font-size:12px; border:1px solid #ccc; font-family:'Roboto', sans-serif; margin-bottom: 0px;}\r\n\t\ttextarea { width:100%; padding:8px; font-size:12px; border:1px solid #000; font-family:'Roboto', sans-serif; resize:vertical; height:80px;margin-bottom:10px;}\r\n        label, span {display:block; margin-top:0px}\r\n\t\t.row {display:flex; gap:10px;}\r\n        .row input {flex: 1;}\r\n\t\t.boxshadow {box-shadow: 0px 4px 8px rgba(0, 0, 0, 0.2); transition:box-shadow .3s; transition-behavior:normal; transition-duration:0.3s; transition-timing-function:ease; transition-delay:0s; transition-property:box-shadow; border-radius: 20px; border:1px solid #cccccc;}\r\n       \t.checkbox-container {display:flex;align-items:center;font-size:14px;}\r\n        .checkbox-container input[type=\"checkbox\"] {appearance: none;-webkit-appearance: none;width: 18px;height: 18px;border: 2px solid #2c3e50;border-radius: 3px;position: relative;}\r\n        .checkbox-container input[type=\"checkbox\"]:checked {background-color: #2c3e50;}\t\t\r\n        .checkbox-container input[type=\"checkbox\"]:checked::after {color: white;font-size: 14px;position:absolute;top:0;left:0px;}\t\r\n  \t\tcaptcha-question {    color: red; font-weight: bold;}\t\t\r\n}\t\t\r\n    <\/style>\r\n<script>\r\n        \/\/ Generate a random math CAPTCHA question\r\n        const num1 = Math.floor(Math.random() * 10);\r\n        const num2 = Math.floor(Math.random() * 10);\r\n        const solution = num1 + num2;\r\n\r\n        \/\/document.getElementById(\"captcha-question\").textContent = `${num1} + ${num2}`;\r\n        \/\/document.getElementById(\"captcha-solution\").value = solution;\r\n    <\/script>\r\n\r\n<form method=\"POST\" action=\"\/creer-un-compte\/\">\r\n<div class=\"boxshadow\" style=\"border-radius: 10px;display:inline-block; background-color: #FFFFFF; border: 1;border-color:#cccccc;padding:40px;cellspacing:0px\">\r\n\t<input style=\"border-radius: 10px;border: 1;border-color:#cccccc;\" type=\"email\" id=\"email\" name=\"email\" placeholder='email professionnel *' required>\r\n\t<div class=\"row\">\r\n\t\t<input style=\"border-radius: 10px;border: 1;border-color:#cccccc;\" type=\"text\" id=\"first_name\" name=\"first_name\" placeholder='Pr\u00e9nom' required>\r\n\t\t<input style=\"border-radius: 10px;border: 1;border-color:#cccccc;\" type=\"text\" id=\"last_name\" name=\"last_name\" placeholder='Nom'  required>\r\n\t<\/div>\r\n\r\n\t<input style=\"border-radius: 10px;border: 1;border-color:#cccccc;\" type=\"text\" id=\"company\" name=\"company\" placeholder='Entreprise' >\r\n\t<!--\r\n\t\r\n\t\r\n\t<label for=\"objet\">Je veux utiliser Visionsoft pour <\/label>\r\n\t<textarea id=\"message\" name=\"message\" < ?php if ($_POST['message']==\"\") {echo \"placeholder=''\";} ?> >< ?php if ($_POST['message']!=\"\") {echo $_POST['message'];} ?><\/textarea> \r\n\t-->\r\n\r\n\t<input style=\"border-radius: 10px;border: 1;border-color:#cccccc;\" type=\"tel\" id=\"telephone\" name=\"telephone\"  placeholder='T\u00e9l\u00e9phone' >\r\n\r\n    <div class=\"checkbox-container\">\r\n\t<input type=\"checkbox\" name=\"consentement\" required >\t<label for=\"consentement\">J'ai pris connaissance de la <a href=\"\/politique-de-confidentialite\/\">politique de confidentialit\u00e9<\/a> <em>*<\/em><\/label>\t\t\t\r\n\t<\/div> \r\n\t\r\n\t<div style=\"align:center\"><button type=\"submit\">CREER MON COMPTE<\/button><\/div>\r\n<\/form>\r\n    <\/div>\n\t\t\t\t\t\t<\/div>\n\t\t\t\t<\/div>\n\t\t\t\t\t<\/div>\n\t\t<\/div>\n\t\t\t\t\t<\/div>\n\t\t<\/section>\n\t\t\t\t<\/div>\n\t\t","protected":false},"excerpt":{"rendered":"<p>Contact the Vision team You&#8217;ll love working with Vision. Functionalities, price requests, miscellaneous information&#8230; we&#8217;ll be happy to answer all your questions.&nbsp; LA solution no-code d\u00e9di\u00e9e \u00e0 l&#039;industrie 4.0 Offline, Plans, Digitalisation des proc\u00e9dures, GED technique, G\u00e9olocalisation des \u00e9quipements, Rapports automatis\u00e9s, &#8230; Visionsoft vous permet d&#039;aller plus vite dans la r\u00e9volution de l&#039;industrie 4.0 ! [&hellip;]<\/p>\n","protected":false},"author":9,"featured_media":0,"parent":0,"menu_order":0,"comment_status":"closed","ping_status":"closed","template":"page-full-width.php","meta":{"om_disable_all_campaigns":false,"inline_featured_image":false,"_monsterinsights_skip_tracking":false,"_monsterinsights_sitenote_active":false,"_monsterinsights_sitenote_note":"","_monsterinsights_sitenote_category":0,"footnotes":""},"class_list":["post-18117","page","type-page","status-publish","hentry"],"aioseo_notices":[],"_links":{"self":[{"href":"https:\/\/visionsoft.tech\/en\/wp-json\/wp\/v2\/pages\/18117","targetHints":{"allow":["GET"]}}],"collection":[{"href":"https:\/\/visionsoft.tech\/en\/wp-json\/wp\/v2\/pages"}],"about":[{"href":"https:\/\/visionsoft.tech\/en\/wp-json\/wp\/v2\/types\/page"}],"author":[{"embeddable":true,"href":"https:\/\/visionsoft.tech\/en\/wp-json\/wp\/v2\/users\/9"}],"replies":[{"embeddable":true,"href":"https:\/\/visionsoft.tech\/en\/wp-json\/wp\/v2\/comments?post=18117"}],"version-history":[{"count":0,"href":"https:\/\/visionsoft.tech\/en\/wp-json\/wp\/v2\/pages\/18117\/revisions"}],"wp:attachment":[{"href":"https:\/\/visionsoft.tech\/en\/wp-json\/wp\/v2\/media?parent=18117"}],"curies":[{"name":"wp","href":"https:\/\/api.w.org\/{rel}","templated":true}]}}